{"id":33,"date":"2024-06-05T10:47:43","date_gmt":"2024-06-05T10:47:43","guid":{"rendered":"https:\/\/sagoborr.se\/?page_id=33"},"modified":"2024-10-09T06:46:18","modified_gmt":"2024-10-09T06:46:18","slug":"colibri-wp","status":"publish","type":"page","link":"https:\/\/sagoborr.se\/","title":{"rendered":"Front Page"},"content":{"rendered":"<div data-colibri-id=\"33-c1\" class=\"style-334 style-local-33-c1 position-relative\">\n  <!---->\n  <div data-colibri-component=\"section\" data-colibri-id=\"33-c2\" id=\"about\" class=\"h-section h-section-global-spacing d-flex align-items-lg-center align-items-md-center align-items-center style-342 style-local-33-c2 position-relative\">\n    <!---->\n    <!---->\n    <div class=\"h-section-grid-container h-section-boxed-container\">\n      <!---->\n      <div data-colibri-id=\"33-c3\" class=\"h-row-container gutters-row-lg-0 gutters-row-md-0 gutters-row-0 gutters-row-v-lg-0 gutters-row-v-md-0 gutters-row-v-0 style-343 style-local-33-c3 position-relative\">\n        <!---->\n        <div class=\"h-row justify-content-lg-center justify-content-md-center justify-content-center align-items-lg-stretch align-items-md-stretch align-items-stretch gutters-col-lg-0 gutters-col-md-0 gutters-col-0 gutters-col-v-lg-0 gutters-col-v-md-0 gutters-col-v-0\">\n          <!---->\n          <div class=\"h-column h-column-container d-flex h-col-lg-auto h-col-md-auto h-col-auto style-344-outer style-local-33-c4-outer\">\n            <div data-colibri-id=\"33-c4\" class=\"d-flex h-flex-basis h-column__inner h-px-lg-0 h-px-md-0 h-px-0 v-inner-lg-0 v-inner-md-0 v-inner-0 style-344 style-local-33-c4 position-relative\">\n              <!---->\n              <!---->\n              <div class=\"w-100 h-y-container h-column__content h-column__v-align flex-basis-100 align-self-lg-start align-self-md-start align-self-start\">\n                <!---->\n                <div data-colibri-id=\"33-c5\" class=\"h-global-transition-all h-heading style-345 style-local-33-c5 position-relative h-element\">\n                  <!---->\n                  <div class=\"h-heading__outer style-345 style-local-33-c5\">\n                    <!---->\n                    <!---->\n                    <h2 class=\"\">Om Oss<\/h2>\n                  <\/div>\n                <\/div>\n                <div data-colibri-id=\"33-c6\" class=\"h-text h-text-component style-347 style-local-33-c6 position-relative h-element\">\n                  <!---->\n                  <!---->\n                  <div class=\"\">\n                    <p>Vi utf\u00f6r alla former av demolering och har passande maskinpark och samarbetspartners f\u00f6r att kunna \u00e5ta oss alla former av rivningsarbeten. Vi har \u00e4ven specialiserat oss p\u00e5 h\u00e5ltagning och har i dagsl\u00e4get 6 heltidsanst\u00e4llda h\u00e5ltagare\n                      som arbetat hos oss i m\u00e5nga \u00e5r.<\/p>\n                    <p>Vi v\u00e4rderar och prioriterar l\u00e5ngvariga yrkesrelationer med b\u00e5de leverant\u00f6rer och kunder och \u00e4r stolta \u00f6ver att ha s\u00e5 god kontakt med alla vi samarbetar med!<\/p>\n                  <\/div>\n                <\/div>\n              <\/div>\n            <\/div>\n          <\/div>\n          <div class=\"h-column h-column-container d-flex h-col-lg-auto h-col-md-auto h-col-auto style-348-outer style-local-33-c7-outer\">\n            <div data-colibri-id=\"33-c7\" class=\"d-flex h-flex-basis h-column__inner h-ui-empty-state-container h-px-lg-2 h-px-md-2 h-px-2 v-inner-lg-2 v-inner-md-2 v-inner-2 style-348 style-local-33-c7 position-relative\">\n              <!---->\n              <!---->\n              <div class=\"w-100 h-y-container h-column__content h-column__v-align flex-basis-100\">\n                <!---->\n              <\/div>\n            <\/div>\n          <\/div>\n        <\/div>\n      <\/div>\n    <\/div>\n  <\/div>\n  <div data-colibri-component=\"section\" data-colibri-id=\"33-c12\" id=\"content\" class=\"h-section h-section-global-spacing d-flex align-items-lg-center align-items-md-center align-items-center style-361 style-local-33-c12 position-relative\">\n    <!---->\n    <!---->\n    <div class=\"h-section-grid-container h-section-boxed-container\">\n      <!---->\n      <div data-colibri-id=\"33-c13\" class=\"h-row-container gutters-row-lg-2 gutters-row-md-2 gutters-row-2 gutters-row-v-lg-2 gutters-row-v-md-2 gutters-row-v-2 style-362 style-local-33-c13 position-relative\">\n        <!---->\n        <div class=\"h-row justify-content-lg-center justify-content-md-center justify-content-center align-items-lg-stretch align-items-md-stretch align-items-stretch gutters-col-lg-2 gutters-col-md-2 gutters-col-2 gutters-col-v-lg-2 gutters-col-v-md-2 gutters-col-v-2\">\n          <!---->\n          <div class=\"h-column h-column-container d-flex h-col-lg-auto h-col-md-auto h-col-auto style-363-outer style-local-33-c14-outer\">\n            <div data-colibri-id=\"33-c14\" class=\"d-flex h-flex-basis h-column__inner h-px-lg-2 h-px-md-2 h-px-2 v-inner-lg-2 v-inner-md-2 v-inner-2 style-363 style-local-33-c14 position-relative\">\n              <!---->\n              <!---->\n              <div class=\"w-100 h-y-container h-column__content h-column__v-align flex-basis-100 align-self-lg-center align-self-md-center align-self-center\">\n                <!---->\n                <div data-colibri-id=\"33-c15\" class=\"d-block style-364 style-local-33-c15 position-relative h-element\">\n                  <!---->\n                  <div class=\"h-image__frame-container-outer\">\n                    <div class=\"h-image__frame-container\">\n                      <!---->\n                      <!---->\n                      <img loading=\"lazy\" decoding=\"async\" width=\"640\" height=\"640\" src=\"https:\/\/sagoborr.se\/wp-content\/uploads\/2024\/10\/work-66843_640.jpg\" class=\"wp-image-155 style-364-image style-local-33-c15-image\" alt=\"\" srcset=\"https:\/\/sagoborr.se\/wp-content\/uploads\/2024\/10\/work-66843_640.jpg 640w, https:\/\/sagoborr.se\/wp-content\/uploads\/2024\/10\/work-66843_640-300x300.jpg 300w, https:\/\/sagoborr.se\/wp-content\/uploads\/2024\/10\/work-66843_640-150x150.jpg 150w\" sizes=\"auto, (max-width: 640px) 100vw, 640px\" \/>\n                      <div class=\"h-image__frame h-image__frame_shadow h-hide-sm style-364-frameImage style-local-33-c15-frameImage\"><\/div>\n                    <\/div>\n                  <\/div>\n                <\/div>\n              <\/div>\n            <\/div>\n          <\/div>\n          <div class=\"h-column h-column-container d-flex h-col-lg-auto h-col-md-auto h-col-auto style-365-outer style-local-33-c16-outer\">\n            <div data-colibri-id=\"33-c16\" class=\"d-flex h-flex-basis h-column__inner h-px-lg-2 h-px-md-2 h-px-2 v-inner-lg-2 v-inner-md-2 v-inner-2 style-365 style-local-33-c16 position-relative\">\n              <!---->\n              <!---->\n              <div class=\"w-100 h-y-container h-column__content h-column__v-align flex-basis-100 align-self-lg-center align-self-md-center align-self-center\">\n                <!---->\n                <div data-colibri-id=\"33-c17\" class=\"h-global-transition-all h-heading style-366 style-local-33-c17 position-relative h-element\">\n                  <!---->\n                  <div class=\"h-heading__outer style-366 style-local-33-c17\">\n                    <!---->\n                    <!---->\n                    <h3 class=\"\">V\u00e5ra Tj\u00e4nster<\/h3>\n                  <\/div>\n                <\/div>\n                <div data-colibri-id=\"33-c18\" class=\"h-text h-text-component style-367 style-local-33-c18 position-relative h-element\">\n                  <!---->\n                  <!---->\n                  <div class=\"\">\n                    <p>I b\u00f6rjan fokuserade vi enbart p\u00e5 rivningsarbeten men sedan 2005 har vi utvidgat v\u00e5ra tj\u00e4nster f\u00f6r att inkludera \u00e4ven h\u00e5ltagning och sanering. V\u00e5rt team \u00e4r utrustat med den senaste tekniken f\u00f6r att s\u00e4kerst\u00e4lla effektivitet och precision\n                      i alla v\u00e5ra uppdrag.<\/p>\n                  <\/div>\n                <\/div>\n                <div data-colibri-id=\"33-c19\" class=\"h-global-transition-all h-heading style-487 style-local-33-c19 position-relative h-element\">\n                  <!---->\n                  <div class=\"h-heading__outer style-487 style-local-33-c19\">\n                    <!---->\n                    <!---->\n                    <h4 class=\"\">Rivning<\/h4>\n                  <\/div>\n                <\/div>\n                <div data-colibri-id=\"33-c20\" class=\"h-text h-text-component style-486 style-local-33-c20 position-relative h-element\">\n                  <!---->\n                  <!---->\n                  <div class=\"\">\n                    <p>Vi hanterar allt fr\u00e5n mindre rivningsprojekt till storskaliga demoleringar. V\u00e5rt erfarna team s\u00e4kerst\u00e4ller att alla projekt genomf\u00f6rs s\u00e4kert och effektivt med minsta m\u00f6jliga p\u00e5verkan p\u00e5 milj\u00f6n.<\/p>\n                  <\/div>\n                <\/div>\n                <div data-colibri-id=\"33-c21\" class=\"h-global-transition-all h-heading style-488 style-local-33-c21 position-relative h-element\">\n                  <!---->\n                  <div class=\"h-heading__outer style-488 style-local-33-c21\">\n                    <!---->\n                    <!---->\n                    <h4 class=\"\">H\u00e5ltagning<\/h4>\n                  <\/div>\n                <\/div>\n                <div data-colibri-id=\"33-c22\" class=\"h-text h-text-component style-489 style-local-33-c22 position-relative h-element\">\n                  <!---->\n                  <!---->\n                  <div class=\"\">\n                    <p>V\u00e5r kunskap inom h\u00e5ltagning omfattar allt fr\u00e5n enkla borrh\u00e5l i v\u00e4gg och golv f\u00f6r ventilation eller VVS, till st\u00f6rre s\u00e5gningar f\u00f6r d\u00f6rrar, f\u00f6nster mm.<\/p>\n                  <\/div>\n                <\/div>\n                <div data-colibri-id=\"33-c23\" class=\"h-global-transition-all h-heading style-490 style-local-33-c23 position-relative h-element\">\n                  <!---->\n                  <div class=\"h-heading__outer style-490 style-local-33-c23\">\n                    <!---->\n                    <!---->\n                    <h4 class=\"\">Sanering<\/h4>\n                  <\/div>\n                <\/div>\n                <div data-colibri-id=\"33-c24\" class=\"h-text h-text-component style-491 style-local-33-c24 position-relative h-element\">\n                  <!---->\n                  <!---->\n                  <div class=\"\">\n                    <p>Saneringstj\u00e4nsterna hos S\u00e5g &amp; Borr Akuten i Sverige AB omfattar allt fr\u00e5n asbestsanering till milj\u00f6v\u00e4nlig borttagning av farliga \u00e4mnen. Vi ser till att ditt saneringsprojekt hanteras med h\u00f6gsta m\u00f6jliga standarder f\u00f6r s\u00e4kerhet och\n                      milj\u00f6skydd.<\/p>\n                  <\/div>\n                <\/div>\n                <div data-colibri-id=\"33-c25\" class=\"h-row-container gutters-row-lg-0 gutters-row-md-0 gutters-row-0 gutters-row-v-lg-0 gutters-row-v-md-0 gutters-row-v-0 style-368 style-local-33-c25 position-relative\">\n                  <!---->\n                  <div class=\"h-row justify-content-lg-center justify-content-md-center justify-content-center align-items-lg-stretch align-items-md-stretch align-items-stretch gutters-col-lg-0 gutters-col-md-0 gutters-col-0 gutters-col-v-lg-0 gutters-col-v-md-0 gutters-col-v-0\">\n                    <!---->\n                    <div class=\"h-column h-column-container d-flex h-col-lg-6 h-col-md-6 h-col-12 style-480-outer style-local-33-c26-outer\">\n                      <div data-colibri-id=\"33-c26\" class=\"d-flex h-flex-basis h-column__inner h-ui-empty-state-container h-px-lg-0 h-px-md-0 h-px-0 v-inner-lg-0 v-inner-md-0 v-inner-0 style-480 style-local-33-c26 position-relative\">\n                        <!---->\n                        <!---->\n                        <div class=\"w-100 h-y-container h-column__content h-column__v-align flex-basis-100\">\n                          <!---->\n                        <\/div>\n                      <\/div>\n                    <\/div>\n                  <\/div>\n                <\/div>\n              <\/div>\n            <\/div>\n          <\/div>\n        <\/div>\n      <\/div>\n    <\/div>\n  <\/div>\n  <div data-colibri-component=\"section\" data-colibri-id=\"33-c31\" id=\"content-2\" class=\"h-section h-section-global-spacing d-flex align-items-lg-center align-items-md-center align-items-center style-377 style-local-33-c31 position-relative\">\n    <!---->\n    <!---->\n    <div class=\"h-section-grid-container h-section-boxed-container\">\n      <!---->\n      <div data-colibri-id=\"33-c32\" class=\"h-row-container gutters-row-lg-2 gutters-row-md-2 gutters-row-2 gutters-row-v-lg-2 gutters-row-v-md-2 gutters-row-v-2 style-378 style-local-33-c32 position-relative\">\n        <!---->\n        <div class=\"h-row justify-content-lg-center justify-content-md-center justify-content-center align-items-lg-stretch align-items-md-stretch align-items-stretch gutters-col-lg-2 gutters-col-md-2 gutters-col-2 gutters-col-v-lg-2 gutters-col-v-md-2 gutters-col-v-2\">\n          <!---->\n          <div class=\"h-column h-column-container d-flex h-col-lg-auto h-col-md-auto h-col-auto style-379-outer style-local-33-c33-outer\">\n            <div data-colibri-id=\"33-c33\" class=\"d-flex h-flex-basis h-column__inner h-px-lg-2 h-px-md-2 h-px-2 v-inner-lg-2 v-inner-md-2 v-inner-2 style-379 style-local-33-c33 position-relative\">\n              <!---->\n              <!---->\n              <div class=\"w-100 h-y-container h-column__content h-column__v-align flex-basis-100 align-self-lg-center align-self-md-center align-self-center\">\n                <!---->\n                <div data-colibri-id=\"33-c34\" class=\"h-global-transition-all h-heading style-380 style-local-33-c34 position-relative h-element\">\n                  <!---->\n                  <div class=\"h-heading__outer style-380 style-local-33-c34\">\n                    <!---->\n                    <!---->\n                    <h3 class=\"\">Varf\u00f6r V\u00e4lja Oss?<\/h3>\n                  <\/div>\n                <\/div>\n                <div data-colibri-id=\"33-c35\" class=\"h-lead h-text h-text-component style-381 style-local-33-c35 position-relative h-element\">\n                  <!---->\n                  <!---->\n                  <div class=\"\">\n                    <p>Vi \u00e4r dedikerade till att leverera tj\u00e4nster p\u00e5 kort notis, d\u00e4rav namnet S\u00e5g &amp; Borr Akuten, vilket \u00e4r n\u00e5got \u00c5ke \u00e4r v\u00e4lk\u00e4nd \u00f6ver att kunna ordna. Vi har stark fokus p\u00e5 kundn\u00f6jdhet och bem\u00f6ter kunder och leverant\u00f6rer som vi sj\u00e4lva\n                      hade velat bli bem\u00f6tta. V\u00e5rt m\u00e5l \u00e4r att alltid ha ett gott samarbete och kunna forts\u00e4tta yrkesrelationen p\u00e5 ett positivt s\u00e4tt f\u00f6r b\u00e5da parter. Byggbranschen \u00e4r liten och filosofin att alla k\u00e4nner alla st\u00e4mmer v\u00e4l och vi \u00f6nskar bli\n                      ih\u00e5gkomna som l\u00e4tta att arbeta med, att vi erbjuder snabb hj\u00e4lp n\u00e4r kunden ringer akut och att vi \u00e4r \u00e4rliga och yrkesskickliga.\n                      <br>\n                      <br>Kontakta oss idag f\u00f6r mer information om v\u00e5ra tj\u00e4nster eller f\u00f6r att boka en konsultation. Vi ser fram emot att hj\u00e4lpa er med era projektbehov!\n                      <br>\n                      <br>\u00c5ke Sigg, VD\n                      <br>070-5870649\n                      <br>ake.sigg@sagoborr.se<\/p>\n                    <p>Sandra Larsson, Ekonomi\n                      <br>08-58360040\n                      <br>sandra.larsson@sagoborr.se\n                      <br>\n                      <br>S\u00e5g &amp; Borr Akuten i Sverige AB\n                      <br>B\u00e4llstav\u00e4gen 65 16866 Bromma\n                      <br>Orgnr: 556971-1095<\/p>\n                  <\/div>\n                <\/div>\n              <\/div>\n            <\/div>\n          <\/div>\n          <div class=\"h-column h-column-container d-flex h-col-lg-auto h-col-md-auto h-col-auto style-387-outer style-local-33-c36-outer\">\n            <div data-colibri-id=\"33-c36\" class=\"d-flex h-flex-basis h-column__inner h-px-lg-2 h-px-md-0 h-px-2 v-inner-lg-2 v-inner-md-0 v-inner-2 style-387 style-local-33-c36 position-relative\">\n              <!---->\n              <!---->\n              <div class=\"w-100 h-y-container h-column__content h-column__v-align flex-basis-100 align-self-lg-center align-self-md-center align-self-center\">\n                <!---->\n                <div data-colibri-id=\"33-c37\" class=\"d-block style-388 style-local-33-c37 position-relative h-element\">\n                  <!---->\n                  <div class=\"h-image__frame-container-outer\">\n                    <div class=\"h-image__frame-container\">\n                      <!---->\n                      <!---->\n                      <img loading=\"lazy\" decoding=\"async\" width=\"1280\" height=\"1280\" src=\"https:\/\/sagoborr.se\/wp-content\/uploads\/2024\/06\/cropped-cropped-helmet-8771190_1280.png\" class=\"wp-image-156 style-388-image style-local-33-c37-image\" alt=\"\" srcset=\"https:\/\/sagoborr.se\/wp-content\/uploads\/2024\/06\/cropped-cropped-helmet-8771190_1280.png 1280w, https:\/\/sagoborr.se\/wp-content\/uploads\/2024\/06\/cropped-cropped-helmet-8771190_1280-300x300.png 300w, https:\/\/sagoborr.se\/wp-content\/uploads\/2024\/06\/cropped-cropped-helmet-8771190_1280-1024x1024.png 1024w, https:\/\/sagoborr.se\/wp-content\/uploads\/2024\/06\/cropped-cropped-helmet-8771190_1280-150x150.png 150w, https:\/\/sagoborr.se\/wp-content\/uploads\/2024\/06\/cropped-cropped-helmet-8771190_1280-768x768.png 768w\" sizes=\"auto, (max-width: 1280px) 100vw, 1280px\" \/>\n                      <div class=\"h-image__frame h-image__frame_shadow h-hide-sm style-388-frameImage style-local-33-c37-frameImage\"><\/div>\n                    <\/div>\n                  <\/div>\n                <\/div>\n              <\/div>\n            <\/div>\n          <\/div>\n        <\/div>\n      <\/div>\n    <\/div>\n  <\/div>\n<\/div>","protected":false},"excerpt":{"rendered":"<p>Om Oss Vi utf\u00f6r alla former av demolering och har passande maskinpark och samarbetspartners f\u00f6r att kunna \u00e5ta oss alla former av rivningsarbeten. Vi har \u00e4ven specialiserat oss p\u00e5 h\u00e5ltagning och har i dagsl\u00e4get 6 heltidsanst\u00e4llda h\u00e5ltagare som arbetat hos oss i m\u00e5nga \u00e5r. Vi v\u00e4rderar och prioriterar l\u00e5ngvariga yrkesrelationer med b\u00e5de leverant\u00f6rer och kunder [&hellip;]<\/p>\n","protected":false},"author":1,"featured_media":0,"parent":0,"menu_order":0,"comment_status":"closed","ping_status":"closed","template":"page-templates\/homepage.php","meta":{"footnotes":""},"class_list":["post-33","page","type-page","status-publish","hentry"],"_links":{"self":[{"href":"https:\/\/sagoborr.se\/index.php?rest_route=\/wp\/v2\/pages\/33","targetHints":{"allow":["GET"]}}],"collection":[{"href":"https:\/\/sagoborr.se\/index.php?rest_route=\/wp\/v2\/pages"}],"about":[{"href":"https:\/\/sagoborr.se\/index.php?rest_route=\/wp\/v2\/types\/page"}],"author":[{"embeddable":true,"href":"https:\/\/sagoborr.se\/index.php?rest_route=\/wp\/v2\/users\/1"}],"replies":[{"embeddable":true,"href":"https:\/\/sagoborr.se\/index.php?rest_route=%2Fwp%2Fv2%2Fcomments&post=33"}],"version-history":[{"count":16,"href":"https:\/\/sagoborr.se\/index.php?rest_route=\/wp\/v2\/pages\/33\/revisions"}],"predecessor-version":[{"id":158,"href":"https:\/\/sagoborr.se\/index.php?rest_route=\/wp\/v2\/pages\/33\/revisions\/158"}],"wp:attachment":[{"href":"https:\/\/sagoborr.se\/index.php?rest_route=%2Fwp%2Fv2%2Fmedia&parent=33"}],"curies":[{"name":"wp","href":"https:\/\/api.w.org\/{rel}","templated":true}]}}